{"id":582,"date":"2020-11-18T00:14:48","date_gmt":"2020-11-17T17:14:48","guid":{"rendered":"http:\/\/phongkham.lamgia.asia\/?page_id=582"},"modified":"2020-11-18T00:14:48","modified_gmt":"2020-11-17T17:14:48","slug":"hoi-dap","status":"publish","type":"page","link":"https:\/\/nhikhoathanhhong.com\/wnkth\/?page_id=582","title":{"rendered":"H\u1ecfi \u0111\u00e1p"},"content":{"rendered":"<p>N\u1ebfu c\u00f3 b\u1ea5t c\u1ee9 th\u1eafc m\u1eafc n\u00e0o c\u1ea7n gi\u1ea3i \u0111\u00e1p, xin vui l\u00f2ng g\u1ecdi \u0111i\u1ec7n tr\u1ef1c ti\u1ebfp cho b\u00e1c s\u1ef9 c\u1ee7a ch\u00fang t\u00f4i.<\/p>\n<p>Nh\u01b0ng tr\u01b0\u1edbc h\u1ebft, c\u00f3 th\u1ec3 b\u1ea1n n\u00ean xem c\u00e1c c\u00e2u h\u1ecfi c\u1ee7a nh\u1eefng ng\u01b0\u1eddi kh\u00e1c \u0111\u00e3 \u0111\u01b0\u1ee3c gi\u1ea3i \u0111\u00e1p tr\u01b0\u1edbc \u0111\u00f3:<\/p>\n<div class=\"accordion\" rel=\"1\">\n<div class=\"accordion-item\"><a href=\"#\" class=\"accordion-title plain\"><button class=\"toggle\"><i class=\"icon-angle-down\"><\/i><\/button><span>T\u1ea1i sao ph\u1ea3i kh\u00e1m s\u1ee9c kh\u1ecfe \u0111\u1ecbnh k\u1ef3?<\/span><\/a><div class=\"accordion-inner\">\n<p><em><strong>Kh\u00e1m s\u1ee9c kho\u1ebb \u0111\u1ecbnh k\u1ef3 \u0111\u01b0\u1ee3c c\u00e1c chuy\u00ean gia y t\u1ebf khuy\u1ebfn c\u00e1o l\u00e0 m\u1ed9t vi\u1ec7c l\u00e0m khoa h\u1ecdc v\u00e0 c\u00f3 tr\u00e1ch nhi\u1ec7m \u0111\u1ed1i v\u1edbi s\u1ee9c kho\u1ebb v\u00e0 t\u00ednh m\u1ea1ng c\u1ee7a m\u1ed7i ng\u01b0\u1eddi.<\/strong><\/em><\/p>\n<p>Ch\u01b0\u01a1ng tr\u00ecnh Kh\u00e1m ki\u1ec3m tra s\u1ee9c kho\u1ebb s\u1ebd cho b\u1ea1n m\u1ed9t b\u1ee9c tranh to\u00e0n c\u1ea3nh v\u1ec1 s\u1ee9c kho\u1ebb c\u1ee7a m\u00ecnh. Th\u00f4ng qua kh\u00e1m ki\u1ec3m tra s\u1ee9c kho\u1ebb , b\u00e1c s\u0129 s\u1ebd cho b\u1ea1n nh\u1eefng l\u1eddi khuy\u00ean c\u1ea7n thi\u1ebft gi\u00fap b\u1ea1n b\u1ea3o v\u1ec7, t\u0103ng c\u01b0\u1eddng s\u1ee9c kho\u1ebb v\u00e0 ph\u00e1t hi\u1ec7n s\u1edbm nh\u1eefng d\u1ea5u hi\u1ec7u c\u1ee7a b\u1ec7nh (C\u00f3 th\u1ec3 b\u1ea1n c\u1ea7n l\u00e0m th\u00eam m\u1ed9t s\u1ed1 x\u00e9t nghi\u1ec7m \u0111\u1ec3 ch\u1ea9n \u0111o\u00e1n chuy\u00ean s\u00e2u theo ch\u1ec9 \u0111\u1ecbnh c\u1ee7a b\u00e1c s\u0129).<\/p>\n<p>Kh\u00e1m s\u1ee9c kho\u1ebb \u0111\u1ecbnh k\u1ef3 \u0111\u01b0\u1ee3c c\u00e1c chuy\u00ean gia y t\u1ebf khuy\u1ebfn c\u00e1o l\u00e0 m\u1ed9t vi\u1ec7c l\u00e0m khoa h\u1ecdc v\u00e0 c\u00f3 tr\u00e1ch nhi\u1ec7m \u0111\u1ed1i v\u1edbi s\u1ee9c kho\u1ebb v\u00e0 t\u00ednh m\u1ea1ng c\u1ee7a m\u1ed7i ng\u01b0\u1eddi. Nh\u01b0ng \u0111\u1ebfn nay, vi\u1ec7c l\u00e0m \u0111\u00f3 v\u1eabn ch\u01b0a th\u1ef1c s\u1ef1 \u0111\u01b0\u1ee3c m\u1ecdi ng\u01b0\u1eddi quan t\u00e2m, ch\u00fa tr\u1ecdng. Kh\u00e1m s\u1ee9c kh\u1ecfe \u0111\u1ecbnh k\u1ef3 kh\u00f4ng ch\u1ec9 gi\u00fap ph\u00e1t hi\u1ec7n b\u1ec7nh s\u1edbm, h\u1ea1n ch\u1ebf nh\u1eefng th\u01b0\u01a1ng t\u1ed5n, ng\u0103n ng\u1eeba bi\u1ebfn ch\u1ee9ng m\u00e0 c\u00f2n ti\u1ebft ki\u1ec7m chi ph\u00ed v\u00e0 th\u1eddi gian.<\/p>\n<p>Hi\u1ec7n nay, h\u1ea7u h\u1ebft c\u00e1c b\u1ec7nh vi\u1ec7n v\u00e0 ph\u00f2ng kh\u00e1m hi\u1ec7n \u0111\u1ea1i tr\u00ean th\u1ebf gi\u1edbi \u0111\u1ec1u c\u00f3 d\u1ecbch v\u1ee5 kh\u00e1m s\u1ee9c kh\u1ecfe theo \u0111\u1ecbnh k\u1ef3 cho m\u1ecdi l\u1ee9a tu\u1ed5i. \u0110\u00e2y l\u00e0 c\u00e1ch l\u00e0m t\u1ed1t nh\u1ea5t \u0111\u1ec3 m\u1ed7i ng\u01b0\u1eddi t\u1ef1 b\u1ea3o v\u1ec7 s\u1ee9c kh\u1ecfe c\u1ee7a m\u00ecnh. V\u00e0 \u0111\u00e2y c\u0169ng l\u00e0 m\u1ed9t ph\u1ea7n c\u1ee7a ph\u01b0\u01a1ng ch\u00e2m:\u00a0\u00a0<strong>\u201c Ph\u00f2ng b\u1ec7nh h\u01a1n ch\u1eefa b\u1ec7nh\u201d<\/strong><\/p>\n<\/div><\/div>\n<div class=\"accordion-item\"><a href=\"#\" class=\"accordion-title plain\"><button class=\"toggle\"><i class=\"icon-angle-down\"><\/i><\/button><span>Ki\u1ec3m tra S\u1ee9c kh\u1ecfe C\u01a1 b\u1ea3n cho Nam v\u00e0 N\u1eef th\u1ebf n\u00e0o?<\/span><\/a><div class=\"accordion-inner\">\n<p>Chuy\u00ean gia y t\u1ebf th\u1ebf gi\u1edbi khuy\u1ebfn c\u00e1o b\u1ea1n n\u00ean kh\u00e1m Ki\u1ec3m tra S\u1ee9c kh\u1ecfe C\u01a1 b\u1ea3n \u00edt nh\u1ea5t 1 n\u0103m 1 l\u1ea7n \u0111\u1ec3 theo d\u00f5i t\u00ecnh tr\u1ea1ng s\u1ee9c kh\u1ecfe c\u1ee7a b\u1ea3n th\u00e2n v\u00e0 c\u00f3 nh\u1eefng bi\u1ec7n ph\u00e1p ph\u00f2ng ng\u1eeba, can thi\u1ec7p k\u1ecbp th\u1eddi tr\u01b0\u1edbc nh\u1eefng nguy c\u01a1 ti\u1ec1m \u1ea9n \u0111e d\u1ecda s\u1ee9c kh\u1ecfe.<\/p>\n<p>Ki\u1ec3m tra S\u1ee9c kh\u1ecfe C\u01a1 b\u1ea3n kh\u00f4ng ch\u1ec9 l\u00e0 b\u1ea3ng t\u1ed5ng k\u1ebft to\u00e0n di\u1ec7n nhanh v\u00e0 kh\u00e1ch quan nh\u1ea5t v\u1ec1 c\u00e1c c\u1ed9t m\u1ed1c s\u1ee9c kh\u1ecfe c\u1ee7a b\u1ea1n v\u00e0 gia \u0111\u00ecnh, m\u00e0 c\u00f2n l\u00e0 bi\u1ec7n ph\u00e1p t\u0103ng kh\u1ea3 n\u0103ng \u0111i\u1ec1u tr\u1ecb kh\u1ecfi b\u1ec7nh th\u00e0nh c\u00f4ng.<\/p>\n<p>Nh\u1edd kh\u1ea3 n\u0103ng d\u1ef1 \u0111o\u00e1n v\u00e0 t\u1ea7m so\u00e1t c\u00e1c nguy c\u01a1 b\u1ec7nh l\u00fd g\u00e2y nguy h\u1ea1i cho s\u1ee9c kh\u1ecfe, vi\u1ec7c Ki\u1ec3m tra S\u1ee9c kh\u1ecfe C\u01a1 b\u1ea3n gi\u00fap b\u1ea1n ti\u1ebft ki\u1ec7m th\u1eddi gian, ti\u1ec1n b\u1ea1c v\u00e0 tr\u00e1nh \u0111\u01b0\u1ee3c c\u00e1c bi\u1ebfn ch\u1ee9ng nguy hi\u1ec3m do b\u1ec7nh t\u1eadt g\u00e2y n\u00ean.<\/p>\n<\/div><\/div>\n<div class=\"accordion-item\"><a href=\"#\" class=\"accordion-title plain\"><button class=\"toggle\"><i class=\"icon-angle-down\"><\/i><\/button><span>Nh\u00e0 e c\u00f3 1 ng\u01b0\u1eddi b\u1ecb xu\u1ea5t huy\u1ebft m\u1eaft. Tr\u01b0\u1edbc khi b\u1ecb v\u00e0i ng\u00e0y th\u00ec ng\u01b0\u1eddi \u0111\u00f3 b\u1ecb nh\u1ee9c \u0111\u1ea7u. Sau khi \u0111i\u1ec1u tr\u1ecb kh\u00e1m th\u00ec m\u1eaft \u0111\u00e3 gi\u1ea3m \u0111\u1ecf nh\u01b0ng nh\u1ee9c \u0111\u1ea7u v\u1eabn c\u00f2n. Cho e h\u1ecfi n\u00f3 c\u00f3 li\u00ean quan b\u1ec7nh n\u00e0y hay b\u1ec7nh n\u00e0o kh\u00e1c kh\u00f4ng \u1ea1?<\/span><\/a><div class=\"accordion-inner\">\n<p>Bs chuy\u00ean khoa M\u1eaft tr\u1ea3 l\u1eddi :<\/p>\n<p>Ch\u00e0o em,<\/p>\n<p>V\u00ec t\u00f4i kh\u00f4ng \u0111\u01b0\u1ee3c kh\u00e1m tr\u1ef1c ti\u1ebfp ng\u01b0\u1eddi th\u00e2n c\u1ee7a em, n\u00ean ch\u1ec9 c\u00f3 th\u1ec3 ch\u1ea9n \u0111o\u00e1n s\u01a1 l\u01b0\u1ee3c qua m\u00f4 t\u1ea3 v\u1ec1 b\u1ec7nh c\u1ee7a ng\u01b0\u1eddi nh\u00e0 em.<\/p>\n<p>Theo nh\u01b0 em m\u00f4 t\u1ea3 th\u00ec ng\u01b0\u1eddi nh\u00e0 em b\u1ecb \u201c Xu\u1ea5t huy\u1ebft m\u1eaft\u201d tr\u01b0\u1edbc khi b\u1ecb v\u00e0i ng\u00e0y th\u00ec c\u00f3 b\u1ecb \u201c Nh\u1ee9c \u0111\u1ea7u\u201d, hi\u1ec7n \u0111i\u1ec1u tr\u1ecb th\u00ec m\u1eaft \u0111\u00e3 b\u1edbt \u0111\u1ecf, nh\u01b0ng c\u00f2n nh\u1ee9c \u0111\u1ea7u.<\/p>\n<p>V\u1ec1 v\u1ea5n \u0111\u1ec1 \u201c Xu\u1ea5t huy\u1ebft m\u1eaft\u201d : Xu\u1ea5t huy\u1ebft m\u1eaft khi ng\u01b0\u1eddi ngo\u00e0i c\u00f3 th\u1ec3 nh\u00ecn th\u1ea5y xu\u1ea5t huy\u1ebft th\u00ec \u0111a ph\u1ea7n l\u00e0 xu\u1ea5t huy\u1ebft t\u1ea1i k\u1ebft m\u1ea1c, t\u1ee9c tr\u00f2ng tr\u1eafng c\u1ee7a m\u1eaft, k\u1ebft m\u1ea1c c\u00f3 nhi\u1ec1u m\u1ea1ch m\u00e1u nh\u1ecf, xu\u1ea5t huy\u1ebft c\u00f3 th\u1ec3 do m\u1ed9t trong c\u00e1c nguy\u00ean nh\u00e2n sau \u0111\u00e2y<strong>:<\/strong><\/p>\n<ul>\n<li>Do ch\u1ea5n th\u01b0\u01a1ng, va qu\u1eb9t.. :\u00a0 khi b\u1ecb ch\u1ea5n th\u01b0\u01a1ng ( b\u1ecb t\u00e9 va \u0111\u1eadp tr\u00fang m\u1eaft; b\u1ecb \u0111\u00e1nh v\u00e0o m\u1eaft&#8230;) m\u1ea1ch m\u00e1u k\u1ebft m\u1ea1c s\u1ebd b\u1ecb b\u1ec3 v\u00e0 g\u00e2y xu\u1ea5t huy\u1ebft, c\u00e1c tr\u01b0\u1eddng h\u1ee3p ch\u1ea5n th\u01b0\u01a1ng c\u00f3 xu\u1ea5t huy\u1ebft do t\u00e9 ho\u1eb7c va \u0111\u1eadp lu\u00f4n k\u00e8m ch\u1ea5n th\u01b0\u01a1ng mi m\u1eaft, c\u00f3 b\u1ea7m mi, s\u01b0ng ph\u00f9 n\u1ec1, k\u00e8m xu\u1ea5t huy\u1ebft k\u1ebft m\u1ea1c, nguy\u00ean nh\u00e2n n\u00e0y th\u00ec kh\u00e1 r\u00f5 r\u00e0ng.<\/li>\n<\/ul>\n<p>Nh\u1eefng va ch\u1ea1m nh\u1eb9 nh\u01b0 c\u00e2y qu\u1ec7t v\u00e0o m\u1eaft, ho\u1eb7c \u0111\u01a1n gi\u1ea3n tay qu\u1eb9t ph\u1ea3i m\u1eaft , c\u00f4n tr\u00f9ng hay d\u1ecb v\u1eadt bay v\u00e0o m\u1eaft, r\u1ed3i b\u1ec7nh nh\u00e2n d\u1ee5i m\u1eaft nhi\u1ec1u c\u0169ng c\u00f3 th\u1ec3 g\u00e2y xu\u1ea5t huy\u1ebft k\u1ebft m\u1ea1c, tr\u01b0\u1eddng h\u1ee3p n\u00e0y th\u01b0\u1eddng l\u00e0 xu\u1ea5t huy\u1ebft nh\u1eb9,<\/p>\n<ul>\n<li>Nguy\u00ean nh\u00e2n do t\u0103ng \u00e1p l\u1ef1c mao m\u1ea1ch k\u1ebft m\u1ea1c: th\u01b0\u1eddng do b\u1ec7nh nh\u00e2n tr\u01b0\u1edbc \u0111\u00f3 c\u00f3 n\u00f4n \u00f3i, say r\u01b0\u1ee3u; ho\u1eb7c b\u1ec7nh nh\u00e2n b\u1ecb ho nhi\u1ec1u, ho r\u0169 r\u01b0\u1ee3i; ho\u1eb7c t\u1eadp th\u1ec3 h\u00ecnh , yoga nh\u1eefng \u0111\u1ed9ng t\u00e1c c\u00f3 c\u00fai \u0111\u1ea7u ho\u1eb7c tr\u1ed3ng c\u00e2y chu\u1ed1i trong kho\u1ea3ng th\u1eddi gian l\u00e2u, c\u00f3 th\u1ec3 l\u00e0m t\u0103ng \u00e1p l\u1ef1c m\u1ea1ch m\u00e1u v\u00f9ng \u0111\u1ea7u m\u1eb7t c\u0169ng c\u00f3 th\u1ec3 g\u00e2y xu\u1ea5t huy\u1ebft nh\u1eefng mao m\u1ea1ch nh\u1ecf.<\/li>\n<li>Nguy\u00ean nh\u00e2n th\u1ee9 3 g\u00e2y xu\u1ea5t huy\u1ebft k\u1ebft m\u1ea1c l\u00e0 nh\u1eefng nguy\u00ean nh\u00e2n k\u00e8m theo c\u00e1c b\u1ec7nh n\u1ed9i khoa nh\u01b0 : cao huy\u1ebft \u00e1p; ti\u1ec3u \u0111\u01b0\u1eddng c\u00f3 bi\u1ebfn ch\u1ee9ng m\u1ea1ch m\u00e1u, c\u00e1c b\u1ec7nh v\u1ec1 \u0111\u00f4ng m\u00e1u; c\u00e1c b\u1ec7nh v\u1ec1 D\u1ecb d\u1ea1ng m\u1ea1ch m\u00e1u \u2026 nh\u1eefng nguy\u00ean nh\u00e2n n\u00e0y g\u00e2y xu\u1ea5t huy\u1ebft kh\u00f4ng ch\u1ec9 tr\u00ean k\u1ebft m\u1ea1c m\u00e0 c\u00f2n c\u00f3 th\u1ec3 \u1edf nh\u1eefng v\u1ecb tr\u00ed nguy hi\u1ec3m kh\u00e1c. Khi lo\u1ea1i tr\u1eeb hai nguy\u00ean nh\u00e2n tr\u00ean, b\u1ec7nh nh\u00e2n c\u00f3 nh\u1eefng b\u1ec7nh l\u00fd n\u1ed9i khoa k\u00e8m theo kh\u00f4ng n\u00ean ch\u1ee7 quan m\u00e0 h\u00e3y t\u1edbi b\u1ec7nh vi\u1ec7n \u0111\u1ec3 ki\u1ec3m tra v\u00e0 kh\u00e1m th\u00eam v\u1ec1 c\u00e1c chuy\u00ean khoa n\u1ed9i tim m\u1ea1ch, n\u1ed9i ti\u1ebft v\u00e0 \u0111\u1eb7c bi\u1ec7t n\u1ed9i th\u1ea7n kinh ;<\/li>\n<\/ul>\n<p>Theo nh\u01b0 em k\u1ec3 th\u00ec ngu\u00f2i nh\u00e0 em tr\u01b0\u1edbc khi b\u1ecb xu\u1ea5t huy\u1ebft c\u00f3 b\u1ecb nh\u1ee9c \u0111\u1ea7u, v\u00e0 hi\u1ec7n t\u1ea1i v\u1eabn c\u00f2n nh\u1ee9c \u0111\u1ea7u. \u0110i\u1ec1u n\u00e0y kh\u00e1 nguy hi\u1ec3m , v\u00ec tri\u1ec7u ch\u1ee9ng nh\u1ee9c \u0111\u1ea7u k\u00e8m xu\u1ea5t\u00a0 huy\u1ebft k\u1ebft m\u1ea1c, r\u1ea5t c\u00f3 th\u1ec3 l\u00e0 h\u1eadu qu\u1ea3 c\u1ee7a m\u1ed9t c\u01a1n t\u0103ng huy\u1ebft \u00e1p \u0111\u1ed9t ng\u1ed9t , g\u00e2y xu\u1ea5t huy\u1ebft k\u1ebft m\u1ea1c.<\/p>\n<p>Ngo\u00e0i nguy\u00ean nh\u00e2n cao huy\u1ebft \u00e1p, tri\u1ec7u ch\u1ee9ng nh\u1ee9c \u0111\u1ea7u c\u0169ng c\u1ea7n \u0111\u01b0\u1ee3c kh\u00e1m th\u00eam chuy\u00ean khoa n\u1ed9i th\u1ea7n kinh, c\u00f3 th\u1ec3 c\u1ea7n l\u00e0m th\u00eam m\u1ed9t s\u1ed1 x\u00e9t nghi\u00eam ho\u1eb7c c\u1ea7n ch\u1ee5p X quang ho\u1eb7c MRI v\u00f9ng \u0111\u1ea7u \u0111\u1ec3 c\u00f3 ch\u1ea9n \u0111o\u00e1n x\u00e1c \u0111\u1ecbnh.<\/p>\n<p>Theo nh\u1eefng g\u00ec em m\u00f4 t\u1ea3, tri\u1ec7u ch\u1ee9ng xu\u1ea5t huy\u1ebft \u0111\u00e3 gi\u1ea3m nh\u01b0ng nh\u1ee9c \u0111\u1ea7u c\u00f2n , th\u00ec r\u1ea5t n\u00ean \u0111\u1ebfn c\u00e1c b\u1ec7nh vi\u1ec7n c\u00f3 chuy\u00ean khoa n\u1ed9i th\u1ea7n kinh v\u00e0 tim m\u1ea1ch \u0111\u1ec3 kh\u00e1m th\u00eam.<\/p>\n<p>Em kh\u00f4ng n\u00f3i ng\u01b0\u1eddi nh\u00e0 em bao nhi\u00eau tu\u1ed5i, v\u1edbi \u0111\u1ed9 tu\u1ed5i &gt;40 th\u00ec nh\u1eefng v\u1ea5n \u0111\u1ec1 v\u1ec1 tim m\u1ea1ch v\u00e0 n\u1ed9i ti\u1ebft r\u1ea5t n\u00ean \u0111\u01b0\u1ee3c ki\u1ec3m tra.<\/p>\n<p>R\u1ea5t mong em c\u00f3 th\u1ec3 chia s\u1ebb sau khi ng\u01b0\u1eddi nh\u00e0 em \u0111\u00e3 \u0111i kh\u00e1m chuy\u00ean khoa n\u1ed9i th\u1ea7n kinh , n\u1ed9t ti\u1ebft v\u00e0 tim m\u1ea1ch.<\/p>\n<p>Ch\u00fac ng\u01b0\u1eddi nh\u00e0 em mau kh\u1ecfe, ch\u00fac em v\u00e0 gia \u0111\u00ecnh vui kh\u1ecfe.<\/p>\n<\/div><\/div>\n<\/div>\n","protected":false},"excerpt":{"rendered":"<p>N\u1ebfu c\u00f3 b\u1ea5t c\u1ee9 th\u1eafc m\u1eafc n\u00e0o c\u1ea7n gi\u1ea3i \u0111\u00e1p, xin vui l\u00f2ng g\u1ecdi \u0111i\u1ec7n tr\u1ef1c ti\u1ebfp cho b\u00e1c s\u1ef9 c\u1ee7a ch\u00fang t\u00f4i. Nh\u01b0ng tr\u01b0\u1edbc h\u1ebft, c\u00f3 th\u1ec3 b\u1ea1n n\u00ean xem c\u00e1c c\u00e2u h\u1ecfi c\u1ee7a nh\u1eefng ng\u01b0\u1eddi kh\u00e1c \u0111\u00e3 \u0111\u01b0\u1ee3c gi\u1ea3i \u0111\u00e1p tr\u01b0\u1edbc \u0111\u00f3:<\/p>\n","protected":false},"author":1,"featured_media":0,"parent":0,"menu_order":0,"comment_status":"closed","ping_status":"closed","template":"","meta":[],"yoast_head":"<!-- This site is optimized with the Yoast SEO plugin v20.4 - https:\/\/yoast.com\/wordpress\/plugins\/seo\/ -->\n<title>H\u1ecfi \u0111\u00e1p - Nhi khoa Thanh H\u1ed3ng<\/title>\n<meta name=\"robots\" content=\"index, follow, max-snippet:-1, max-image-preview:large, max-video-preview:-1\" \/>\n<link rel=\"canonical\" href=\"http:\/\/nhikhoathanhhong.com\/wnkth\/?page_id=582\" \/>\n<meta property=\"og:locale\" content=\"vi_VN\" \/>\n<meta property=\"og:type\" content=\"article\" \/>\n<meta property=\"og:title\" content=\"H\u1ecfi \u0111\u00e1p - Nhi khoa Thanh H\u1ed3ng\" \/>\n<meta property=\"og:description\" content=\"N\u1ebfu c\u00f3 b\u1ea5t c\u1ee9 th\u1eafc m\u1eafc n\u00e0o c\u1ea7n gi\u1ea3i \u0111\u00e1p, xin vui l\u00f2ng g\u1ecdi \u0111i\u1ec7n tr\u1ef1c ti\u1ebfp cho b\u00e1c s\u1ef9 c\u1ee7a ch\u00fang t\u00f4i. Nh\u01b0ng tr\u01b0\u1edbc h\u1ebft, c\u00f3 th\u1ec3 b\u1ea1n n\u00ean xem c\u00e1c c\u00e2u h\u1ecfi c\u1ee7a nh\u1eefng ng\u01b0\u1eddi kh\u00e1c \u0111\u00e3 \u0111\u01b0\u1ee3c gi\u1ea3i \u0111\u00e1p tr\u01b0\u1edbc \u0111\u00f3:\" \/>\n<meta property=\"og:url\" content=\"http:\/\/nhikhoathanhhong.com\/wnkth\/?page_id=582\" \/>\n<meta property=\"og:site_name\" content=\"Nhi khoa Thanh H\u1ed3ng\" \/>\n<meta name=\"twitter:card\" content=\"summary_large_image\" \/>\n<meta name=\"twitter:label1\" content=\"\u01af\u1edbc t\u00ednh th\u1eddi gian \u0111\u1ecdc\" \/>\n\t<meta name=\"twitter:data1\" content=\"9 ph\u00fat\" \/>\n<script type=\"application\/ld+json\" class=\"yoast-schema-graph\">{\"@context\":\"https:\/\/schema.org\",\"@graph\":[{\"@type\":\"WebPage\",\"@id\":\"http:\/\/nhikhoathanhhong.com\/wnkth\/?page_id=582\",\"url\":\"http:\/\/nhikhoathanhhong.com\/wnkth\/?page_id=582\",\"name\":\"H\u1ecfi \u0111\u00e1p - Nhi khoa Thanh H\u1ed3ng\",\"isPartOf\":{\"@id\":\"http:\/\/nhikhoathanhhong.com\/wnkth\/#website\"},\"datePublished\":\"2020-11-17T17:14:48+00:00\",\"dateModified\":\"2020-11-17T17:14:48+00:00\",\"breadcrumb\":{\"@id\":\"http:\/\/nhikhoathanhhong.com\/wnkth\/?page_id=582#breadcrumb\"},\"inLanguage\":\"vi\",\"potentialAction\":[{\"@type\":\"ReadAction\",\"target\":[\"http:\/\/nhikhoathanhhong.com\/wnkth\/?page_id=582\"]}]},{\"@type\":\"BreadcrumbList\",\"@id\":\"http:\/\/nhikhoathanhhong.com\/wnkth\/?page_id=582#breadcrumb\",\"itemListElement\":[{\"@type\":\"ListItem\",\"position\":1,\"name\":\"Trang ch\u1ee7\",\"item\":\"https:\/\/nhikhoathanhhong.com\/wnkth\/\"},{\"@type\":\"ListItem\",\"position\":2,\"name\":\"H\u1ecfi \u0111\u00e1p\"}]},{\"@type\":\"WebSite\",\"@id\":\"http:\/\/nhikhoathanhhong.com\/wnkth\/#website\",\"url\":\"http:\/\/nhikhoathanhhong.com\/wnkth\/\",\"name\":\"Nhi khoa Thanh H\u1ed3ng\",\"description\":\"T\u1eadn t\u00ecnh - T\u1eadn t\u1ee5y - T\u1eadn t\u00e2m\",\"potentialAction\":[{\"@type\":\"SearchAction\",\"target\":{\"@type\":\"EntryPoint\",\"urlTemplate\":\"http:\/\/nhikhoathanhhong.com\/wnkth\/?s={search_term_string}\"},\"query-input\":\"required name=search_term_string\"}],\"inLanguage\":\"vi\"}]}<\/script>\n<!-- \/ Yoast SEO plugin. -->","yoast_head_json":{"title":"H\u1ecfi \u0111\u00e1p - Nhi khoa Thanh H\u1ed3ng","robots":{"index":"index","follow":"follow","max-snippet":"max-snippet:-1","max-image-preview":"max-image-preview:large","max-video-preview":"max-video-preview:-1"},"canonical":"http:\/\/nhikhoathanhhong.com\/wnkth\/?page_id=582","og_locale":"vi_VN","og_type":"article","og_title":"H\u1ecfi \u0111\u00e1p - Nhi khoa Thanh H\u1ed3ng","og_description":"N\u1ebfu c\u00f3 b\u1ea5t c\u1ee9 th\u1eafc m\u1eafc n\u00e0o c\u1ea7n gi\u1ea3i \u0111\u00e1p, xin vui l\u00f2ng g\u1ecdi \u0111i\u1ec7n tr\u1ef1c ti\u1ebfp cho b\u00e1c s\u1ef9 c\u1ee7a ch\u00fang t\u00f4i. Nh\u01b0ng tr\u01b0\u1edbc h\u1ebft, c\u00f3 th\u1ec3 b\u1ea1n n\u00ean xem c\u00e1c c\u00e2u h\u1ecfi c\u1ee7a nh\u1eefng ng\u01b0\u1eddi kh\u00e1c \u0111\u00e3 \u0111\u01b0\u1ee3c gi\u1ea3i \u0111\u00e1p tr\u01b0\u1edbc \u0111\u00f3:","og_url":"http:\/\/nhikhoathanhhong.com\/wnkth\/?page_id=582","og_site_name":"Nhi khoa Thanh H\u1ed3ng","twitter_card":"summary_large_image","twitter_misc":{"\u01af\u1edbc t\u00ednh th\u1eddi gian \u0111\u1ecdc":"9 ph\u00fat"},"schema":{"@context":"https:\/\/schema.org","@graph":[{"@type":"WebPage","@id":"http:\/\/nhikhoathanhhong.com\/wnkth\/?page_id=582","url":"http:\/\/nhikhoathanhhong.com\/wnkth\/?page_id=582","name":"H\u1ecfi \u0111\u00e1p - Nhi khoa Thanh H\u1ed3ng","isPartOf":{"@id":"http:\/\/nhikhoathanhhong.com\/wnkth\/#website"},"datePublished":"2020-11-17T17:14:48+00:00","dateModified":"2020-11-17T17:14:48+00:00","breadcrumb":{"@id":"http:\/\/nhikhoathanhhong.com\/wnkth\/?page_id=582#breadcrumb"},"inLanguage":"vi","potentialAction":[{"@type":"ReadAction","target":["http:\/\/nhikhoathanhhong.com\/wnkth\/?page_id=582"]}]},{"@type":"BreadcrumbList","@id":"http:\/\/nhikhoathanhhong.com\/wnkth\/?page_id=582#breadcrumb","itemListElement":[{"@type":"ListItem","position":1,"name":"Trang ch\u1ee7","item":"https:\/\/nhikhoathanhhong.com\/wnkth\/"},{"@type":"ListItem","position":2,"name":"H\u1ecfi \u0111\u00e1p"}]},{"@type":"WebSite","@id":"http:\/\/nhikhoathanhhong.com\/wnkth\/#website","url":"http:\/\/nhikhoathanhhong.com\/wnkth\/","name":"Nhi khoa Thanh H\u1ed3ng","description":"T\u1eadn t\u00ecnh - T\u1eadn t\u1ee5y - T\u1eadn t\u00e2m","potentialAction":[{"@type":"SearchAction","target":{"@type":"EntryPoint","urlTemplate":"http:\/\/nhikhoathanhhong.com\/wnkth\/?s={search_term_string}"},"query-input":"required name=search_term_string"}],"inLanguage":"vi"}]}},"_links":{"self":[{"href":"https:\/\/nhikhoathanhhong.com\/wnkth\/index.php?rest_route=\/wp\/v2\/pages\/582"}],"collection":[{"href":"https:\/\/nhikhoathanhhong.com\/wnkth\/index.php?rest_route=\/wp\/v2\/pages"}],"about":[{"href":"https:\/\/nhikhoathanhhong.com\/wnkth\/index.php?rest_route=\/wp\/v2\/types\/page"}],"author":[{"embeddable":true,"href":"https:\/\/nhikhoathanhhong.com\/wnkth\/index.php?rest_route=\/wp\/v2\/users\/1"}],"replies":[{"embeddable":true,"href":"https:\/\/nhikhoathanhhong.com\/wnkth\/index.php?rest_route=%2Fwp%2Fv2%2Fcomments&post=582"}],"version-history":[{"count":0,"href":"https:\/\/nhikhoathanhhong.com\/wnkth\/index.php?rest_route=\/wp\/v2\/pages\/582\/revisions"}],"wp:attachment":[{"href":"https:\/\/nhikhoathanhhong.com\/wnkth\/index.php?rest_route=%2Fwp%2Fv2%2Fmedia&parent=582"}],"curies":[{"name":"wp","href":"https:\/\/api.w.org\/{rel}","templated":true}]}}